{"id":1017,"date":"2013-07-03T15:11:35","date_gmt":"2013-07-03T15:11:35","guid":{"rendered":"http:\/\/soc.ba\/soc\/?page_id=1017"},"modified":"2019-03-14T11:31:34","modified_gmt":"2019-03-14T11:31:34","slug":"partners","status":"publish","type":"page","link":"https:\/\/soc.ba\/en\/about-us\/partners\/","title":{"rendered":"Partners"},"content":{"rendered":"<p><strong>Institutional support<\/strong><\/p> <ul> <li><a href=\"http:\/\/osfbih.org.ba\/\" target=\"_blank\" rel=\"noopener noreferrer\">Fond otvoreno dru\u0161tvo BiH<\/a><\/li> <li><a href=\"http:\/\/www.sida.se\/english\/\" target=\"_blank\" rel=\"noopener noreferrer\">\u0160vedska me\u0111unarodna razvojna agencija (SIDA)<\/a><\/li> <\/ul> <p><strong>Project support<\/strong><\/p> <ul> <li><a href=\"https:\/\/www.usaid.gov\/bosnia\">USAID Mission in Bosnia and Herzegovina<\/a><\/li> <li> <div><a href=\"https:\/\/www.netherlandsandyou.nl\/your-country-and-the-netherlands\/bosnia-and-herzegovina\/about-us\/netherlands-embassy-in-sarajevo\">Embassy of Kingdom of Netherlands, Humanity Rights Fond<\/a><\/div> <\/li> <li><a href=\"https:\/\/www.schueler-helfen-leben.de\/en\/\">Sch\u00fcler Helfen Leben<\/a><\/li> <li><a href=\"https:\/\/sarajewo.diplo.de\/\">German Embassy<\/a><\/li> <li><a href=\"https:\/\/ba.boell.org\/bs\">Fondacija Heinrich B\u00f6ll, Ured u Sarajevu<\/a><\/li> <li><a href=\"https:\/\/www.fes-bosnia-and-herzegovina.org\/\">Friedrich Ebert Stiftung<\/a><\/li> <li><a href=\"https:\/\/www.eda.admin.ch\/sarajevo\"><span class=\"st\">Permanent Representation of the Kingdom of the <em>Netherlands<\/em> to the <em>OSCE<\/em><\/span> in Vienna<\/a><\/li> <li><a href=\"http:\/\/www.ned.org\/where-we-work\/central-and-eastern-europe\/bosnia-and-herzegovina\" target=\"_blank\" rel=\"noopener noreferrer\">National Endowment for Democracy<\/a><\/li> <li><a href=\"https:\/\/www.viivhealthcare.com\/en-gb\/\">ViiV HealthCare UK Ltd.<\/a><\/li> <li><a href=\"https:\/\/www.care-international.org\/\">CARE International<\/a><\/li> <\/ul> <p><strong>Spin-off organisation of Sarajevo Open Centre<\/strong><\/p> <ul> <li><a href=\"https:\/\/www.facebook.com\/CentarZaPolitickeStudije\/\" target=\"_blank\" rel=\"noopener noreferrer\">Centar za politi\u010dke studije<\/a><\/li> <li><a href=\"http:\/\/www.hrf.ba\" target=\"_blank\" rel=\"noopener noreferrer\">Fondacija za ljudska prava Sarajevo<\/a><\/li> <\/ul> <p><b>Networks<\/b><\/p> <ul> <li><a href=\"http:\/\/www.astra.org.pl\/\" target=\"_blank\" rel=\"noopener noreferrer\">ASTRA mre\u017ea<\/a><\/li> <li><a href=\"http:\/\/eu-monitoring.ba\/\" target=\"_blank\" rel=\"noopener noreferrer\">Inicijativa za monitoring evropskih integracija BiH<\/a><\/li> <li><a href=\"http:\/\/www.ilga-europe.org\/\" target=\"_blank\" rel=\"noopener noreferrer\">ILGA Europe<\/a><\/li> <li><a href=\"http:\/\/www.diskriminacija.ba\/koalicija-za-borbu-protiv-govora-mr%C5%BEnje-i-zlo%C4%8Dina-iz-mr%C5%BEnje\" target=\"_blank\" rel=\"noopener noreferrer\">Koalicija za borbu protiv govora i zlo\u010dina iz mr\u017enje<\/a><\/li> <li><a href=\"http:\/\/www.mreza-mira.net\/\" target=\"_blank\" rel=\"noopener noreferrer\">Mre\u017ea izgradnje mira u BiH<\/a><\/li> <li><a href=\"http:\/\/zenskamreza.ba\/\" target=\"_blank\" rel=\"noopener noreferrer\">\u017denska mre\u017ea BiH<\/a><\/li> <\/ul> <p><strong>Partners<br \/> <\/strong><\/p> <ul> <li><a href=\"http:\/\/www.adi.org.ba\/\">Asocijacija za demokratske inicijative<\/a>, Sarajevo<\/li> <li><a href=\"http:\/\/www.kriterion.ba\/\">Art kino Kriterion<\/a>, Sarajevo<\/li> <li><a href=\"http:\/\/yihr.ba\/\">Inicijativa mladih za ljudska prava BiH (YIHR BiH)<\/a>, Sarajevo<\/li> <li><a href=\"http:\/\/media.ba\">Mediacentar Sarajevo<\/a>, Sarajevo<\/li> <li><a href=\"http:\/\/mup.ks.gov.ba\/\">Ministarstvo unutra\u0161njih poslova Kantona Sarajevo<\/a>, Sarajevo<\/li> <li><a href=\"http:\/\/www.oscebih.org\/Default.aspx?id=0&amp;lang=BS\" target=\"_blank\" rel=\"noopener noreferrer\">Misija OSCE u BiH<\/a>, Sarajevo<\/li> <li><a href=\"http:\/\/rightsforall.ba\" target=\"_blank\" rel=\"noopener noreferrer\">Prava za sve<\/a>, Sarajevo<\/li> <li><a href=\"https:\/\/www.coe.int\/en\/web\/sarajevo\">Vije\u0107e Evrope, Ured u BiH<\/a>, Sarajevo<\/li> <li><a href=\"http:\/\/www.vzs.ba\/\">Vije\u0107e za \u0161tampu u BiH<\/a>, Sarajevo<\/li> <li><a href=\"http:\/\/zastone.ba\/\">Za\u0161to ne<\/a>, Sarajevo<\/li> <li><a href=\"http:\/\/bhnovinari.ba\/bs\/\">BH novinari<\/a>, Sarajevo<\/li> <li><a href=\"http:\/\/www.zenezenama.org\">\u017dene \u017eenama<\/a>, Sarajevo<\/li> <li><a href=\"http:\/\/www.crvena.ba\/\">Udru\u017eenje za kulturu i umjetnost CRVENA<\/a>, Sarajevo<\/li> <li><a href=\"https:\/\/trialinternational.org\/countries-post\/bosnia-herzegovina\/\"><span class=\"Aucun\">TRIAL<\/span> <\/a><span class=\"style_3\"><a href=\"http:\/\/www.trial-ch.org\/BiH\/Pocetna.html\">(Track Impunity Always)<\/a>, Sarajevo<\/span><\/li> <li><a href=\"https:\/\/crd.org\/\">Civil Rights Defenders BiH<\/a>, Sarajevo<\/li> <li><a href=\"https:\/\/www.facebook.com\/getobl\/\">UNSA GETO<\/a>, Banja Luka<\/li> <li><a href=\"http:\/\/gpj.ba\/\" target=\"_blank\" rel=\"noopener noreferrer\">Gradsko pozori\u0161te Jazavac<\/a>, Banja Luka<\/li> <li><a href=\"http:\/\/www.hcabl.org\/\" target=\"_blank\" rel=\"noopener noreferrer\">Helsin\u0161ki parlament gra\u0111ana<\/a>, Banja Luka<\/li> <li><a href=\"http:\/\/www.pm.rs.ba\/\" target=\"_blank\" rel=\"noopener noreferrer\">Perpetuum Mobile<\/a>, Banja Luka<\/li> <li><a href=\"https:\/\/ostranula.org\/\">O\u0161tra nula<\/a>, Banja Luka<\/li> <li><a href=\"https:\/\/www.facebook.com\/unitedwomenbl\/\">Fondacija Udru\u017eene \u017eene<\/a>, Banja Luka<\/li> <li><a href=\"http:\/\/centarzamladekvartprijedor.blogspot.ba\/\">Centar za mlade KVART<\/a>, Prijedor<\/li> <li><a href=\"https:\/\/www.facebook.com\/profile.php?id=100004775957133&amp;fref=ts\">Liberta Mo &#8211; Mostarska LGBT aktivisti\u010dka grupa<\/a>, Mostar<\/li> <li><a href=\"http:\/\/www.okcabrasevic.org\/\">OKC Abra\u0161evi\u0107<\/a>, Mostar<\/li> <li><a href=\"https:\/\/www.facebook.com\/ultraTANKA\/\">TANKA &#8211; Tuzlanska alijansa nezavisnih kvir aktivistkinja<\/a>, Tuzla<\/li> <li><a href=\"http:\/\/toc.ba\/\">Tuzlanski otvoreni centar<\/a>, Tuzla<\/li> <li><a href=\"http:\/\/gsa.org.rs\/\">Gej Strejt Alijansa<\/a>, Beograd, Srbija<\/li> <li><a href=\"http:\/\/www.labris.org.rs\/\">Labris<\/a>, Beograd, Srbija<\/li> <li><a href=\"http:\/\/gong.hr\/hr\/\" target=\"_blank\" rel=\"noopener noreferrer\">GONG<\/a>, Zagreb, Hrvatska<\/li> <li><a href=\"http:\/\/www.kontra.hr\/cms\/\">Kontra Zagreb<\/a>, Zagreb, Hrvatska<\/li> <li><a href=\"http:\/\/www.queerzagreb.org\/\">Queer Zagreb<\/a>, Zagreb, Hrvatska<\/li> <li><a href=\"http:\/\/www.zagreb-pride.net\/en\/\">Udru\u017eenje Zagreb Pri<\/a><a href=\"http:\/\/www.zagreb-pride.net\/en\/\">de<\/a>, Zagreb, Hrvatska<\/li> <li><a href=\"http:\/\/www.transaid.hr\/o-nama\/\">Trans Aid Hrvatska<\/a>, Zagreb, Hrvatska<\/li> <li><a href=\"https:\/\/www.cms.hr\/\">Centar za mirovne studije<\/a>, Zagreb, Hrvatska<\/li> <li><a href=\"https:\/\/www.facebook.com\/RispetLGBT\">Ri\u0161pet<\/a>, Split, Hrvatska<\/li> <li><a href=\"http:\/\/www.cgiporec.hr\/\">Centar za gra\u0111anske inicijative Pore\u010d<\/a>, Hrvatska<\/li> <li><a href=\"http:\/\/www.mirovni-institut.si\/\">Mirovni in\u0161titut<\/a>, Ljubljana, Slovenija<\/li> <li><a href=\"http:\/\/s-front.org.mk\/en\/\">Subversive Front Macedonia<\/a>, Skoplje, Makedonija<\/li> <li><a href=\"http:\/\/cel-ks.org\/\">Center for Equality and Liberty (CEL)<\/a>, Kosovo<\/li> <li><a href=\"http:\/\/queermontenegro.org\/\">Queer Montenegro<\/a>, Crna Gora<\/li> <li><a href=\"https:\/\/humanrightshouse.org\/\">Human Rights House Foundation<\/a>, Oslo, Norve\u0161ka<\/li> <li><a href=\"http:\/\/radiosarajevo.ba\">radiosarajevo.ba<\/a><\/li> <li><a href=\"http:\/\/tacno.net\/\">tacno.net<\/a><\/li> <li><a href=\"http:\/\/www.6yka.com\/\">6yka.com<\/a><\/li> <li><a href=\"http:\/\/bljesak.info\/\">bljesak.info<\/a><\/li> <li><a href=\"http:\/\/www.etrafika.net\/\" target=\"_blank\" rel=\"noopener noreferrer\">etrafika.net<\/a><\/li> <li><a href=\"http:\/\/www.klix.ba\/\" target=\"_blank\" rel=\"noopener noreferrer\">klix.ba<\/a><\/li> <li><a href=\"https:\/\/www.slobodnaevropa.org\/\">slobodnaevropa.org<\/a><\/li> <\/ul> <p>&nbsp;<\/p> ","protected":false},"excerpt":{"rendered":"<p>Institutional support Fond otvoreno dru\u0161tvo BiH \u0160vedska me\u0111unarodna razvojna agencija (SIDA) Project support USAID Mission in Bosnia and Herzegovina Embassy of Kingdom of Netherlands, Humanity Rights Fond Sch\u00fcler Helfen Leben German Embassy Fondacija Heinrich B\u00f6ll, Ured u Sarajevu Friedrich Ebert Stiftung Permanent Representation of the Kingdom of the Netherlands to the OSCE in Vienna National &hellip; <a href=\"https:\/\/soc.ba\/en\/about-us\/partners\/\">Continued<\/a><\/p>\n","protected":false},"author":1,"featured_media":0,"parent":833,"menu_order":3,"comment_status":"open","ping_status":"open","template":"","meta":{"_acf_changed":false,"_monsterinsights_skip_tracking":false,"_monsterinsights_sitenote_active":false,"_monsterinsights_sitenote_note":"","_monsterinsights_sitenote_category":0,"footnotes":""},"categories":[],"tags":[],"class_list":["post-1017","page","type-page","status-publish","hentry"],"acf":[],"jetpack_sharing_enabled":true,"_links":{"self":[{"href":"https:\/\/soc.ba\/en\/wp-json\/wp\/v2\/pages\/1017"}],"collection":[{"href":"https:\/\/soc.ba\/en\/wp-json\/wp\/v2\/pages"}],"about":[{"href":"https:\/\/soc.ba\/en\/wp-json\/wp\/v2\/types\/page"}],"author":[{"embeddable":true,"href":"https:\/\/soc.ba\/en\/wp-json\/wp\/v2\/users\/1"}],"replies":[{"embeddable":true,"href":"https:\/\/soc.ba\/en\/wp-json\/wp\/v2\/comments?post=1017"}],"version-history":[{"count":9,"href":"https:\/\/soc.ba\/en\/wp-json\/wp\/v2\/pages\/1017\/revisions"}],"predecessor-version":[{"id":18090,"href":"https:\/\/soc.ba\/en\/wp-json\/wp\/v2\/pages\/1017\/revisions\/18090"}],"up":[{"embeddable":true,"href":"https:\/\/soc.ba\/en\/wp-json\/wp\/v2\/pages\/833"}],"wp:attachment":[{"href":"https:\/\/soc.ba\/en\/wp-json\/wp\/v2\/media?parent=1017"}],"wp:term":[{"taxonomy":"category","embeddable":true,"href":"https:\/\/soc.ba\/en\/wp-json\/wp\/v2\/categories?post=1017"},{"taxonomy":"post_tag","embeddable":true,"href":"https:\/\/soc.ba\/en\/wp-json\/wp\/v2\/tags?post=1017"}],"curies":[{"name":"wp","href":"https:\/\/api.w.org\/{rel}","templated":true}]}}